{"id":1371,"date":"2022-10-30T18:56:03","date_gmt":"2022-10-30T18:56:03","guid":{"rendered":"https:\/\/apartments2colors.com\/?page_id=1371"},"modified":"2022-11-10T21:49:46","modified_gmt":"2022-11-10T21:49:46","slug":"lousa","status":"publish","type":"page","link":"https:\/\/apartments2colors.com\/index.php\/cidades\/lousa\/","title":{"rendered":"LOUSA"},"content":{"rendered":"\n<div class=\"wp-block-getwid-section alignfull alignfull getwid-section-content-full-width\"><div class=\"wp-block-getwid-section__wrapper\"><div class=\"wp-block-getwid-section__inner-wrapper\"><div class=\"wp-block-getwid-section__background-holder\"><div class=\"wp-block-getwid-section__background\"><\/div><div class=\"wp-block-getwid-section__foreground\"><\/div><\/div><div class=\"wp-block-getwid-section__content\"><div class=\"wp-block-getwid-section__inner-content\">\n<div class=\"wp-block-getwid-images-slider has-arrows-inside has-dots-inside has-images-center has-cropped-images has-fixed-height\"><div class=\"wp-block-getwid-images-slider__wrapper\" data-effect=\"slide\" data-slides-show=\"1\" data-slides-show-laptop=\"1\" data-slides-show-tablet=\"1\" data-slides-show-mobile=\"1\" data-slides-scroll=\"1\" data-autoplay=\"false\" data-autoplay-speed=\"6000\" data-infinite=\"true\" data-animation-speed=\"800\" data-center-mode=\"false\" data-variable-width=\"false\" data-arrows=\"inside\" data-dots=\"inside\" data-spacing=\"none\"><div class=\"wp-block-getwid-images-slider__item\" style=\"height:500px\"><figure><img loading=\"lazy\" decoding=\"async\" width=\"2016\" height=\"1133\" src=\"https:\/\/apartments2colors.com\/wp-content\/uploads\/2022\/10\/Lousa.jpg\" data-id=\"1314\" data-link=\"https:\/\/apartments2colors.com\/index.php\/home\/lousa\/\" data-original-link=\"https:\/\/apartments2colors.com\/wp-content\/uploads\/2022\/10\/Lousa.jpg\" class=\"wp-block-getwid-images-slider__image wp-image-1314\" srcset=\"https:\/\/apartments2colors.com\/wp-content\/uploads\/2022\/10\/Lousa.jpg 2016w, https:\/\/apartments2colors.com\/wp-content\/uploads\/2022\/10\/Lousa-300x169.jpg 300w, https:\/\/apartments2colors.com\/wp-content\/uploads\/2022\/10\/Lousa-1024x575.jpg 1024w, https:\/\/apartments2colors.com\/wp-content\/uploads\/2022\/10\/Lousa-768x432.jpg 768w, https:\/\/apartments2colors.com\/wp-content\/uploads\/2022\/10\/Lousa-1536x863.jpg 1536w, https:\/\/apartments2colors.com\/wp-content\/uploads\/2022\/10\/Lousa-892x501.jpg 892w, https:\/\/apartments2colors.com\/wp-content\/uploads\/2022\/10\/Lousa-1350x759.jpg 1350w\" sizes=\"auto, (max-width: 2016px) 100vw, 2016px\" \/><\/figure><\/div><\/div><\/div>\n<\/div><\/div><\/div><\/div><\/div>\n\n\n\n<div class=\"wp-block-getwid-section alignfull alignfull\"><div class=\"wp-block-getwid-section__wrapper\"><div class=\"wp-block-getwid-section__inner-wrapper\"><div class=\"wp-block-getwid-section__background-holder\"><div class=\"wp-block-getwid-section__background\"><\/div><div class=\"wp-block-getwid-section__foreground\"><\/div><\/div><div class=\"wp-block-getwid-section__content\"><div class=\"wp-block-getwid-section__inner-content\">\n<h1 class=\"wp-block-heading\">Lous\u00e3<\/h1>\n\n\n\n<p>Lorem ipsum dolor sit amet, consectetur adipiscing elit. Vivamus ultrices tempor consectetur. Sed id quam id nunc bibendum imperdiet a sed massa. Pellentesque mattis placerat neque. Nulla congue consectetur risus, a vulputate augue volutpat imperdiet. Cras laoreet lectus arcu, scelerisque auctor mi congue sit amet. Vivamus ut massa est. Nullam nulla quam, varius nec ante id, interdum ornare magna. Quisque pretium ultricies purus non laoreet. Quisque vitae libero sit amet neque lobortis placerat quis in tortor. Vivamus id nulla massa. Integer ex orci, ultrices vel neque sit amet, laoreet ultricies metus. Nam pellentesque ut dolor vitae laoreet. Vestibulum dapibus, metus ac ultrices auctor, est ante tincidunt ante, ut luctus eros felis non velit. Sed in imperdiet enim.<\/p>\n\n\n\n<p>Etiam dictum libero non hendrerit maximus. Nullam id tincidunt turpis, id sollicitudin nulla. Curabitur mauris dolor, auctor at elementum quis, vehicula placerat odio. Interdum et malesuada fames ac ante ipsum primis in faucibus. Integer accumsan vehicula dignissim. Donec a diam nec leo scelerisque scelerisque. Sed rutrum ex nisl, non posuere risus ultricies tristique. Nullam nec varius nibh, vel vestibulum felis. Vestibulum ante ipsum primis in faucibus orci luctus et ultrices posuere cubilia curae;<\/p>\n\n\n\n<p>In eu mi leo. Ut vulputate auctor egestas. Cras dapibus risus in erat faucibus tristique. Vivamus a metus neque. In ac sagittis urna. Phasellus quis consectetur nisi. Integer commodo facilisis lacinia. Pellentesque nec tortor dictum, vestibulum mauris quis, lacinia mauris. Duis sed tempor orci. In mauris mauris, congue feugiat mauris in, viverra elementum dui. Maecenas erat nibh, aliquam sit amet dolor nec, pellentesque euismod orci. Etiam a orci purus. Quisque finibus faucibus elit et tincidunt.<\/p>\n<\/div><\/div><\/div><\/div><\/div>\n\n\n\n<div class=\"wp-block-getwid-section alignfull alignfull\"><div class=\"wp-block-getwid-section__wrapper\"><div class=\"wp-block-getwid-section__inner-wrapper\"><div class=\"wp-block-getwid-section__background-holder\"><div class=\"wp-block-getwid-section__background\"><\/div><div class=\"wp-block-getwid-section__foreground\"><\/div><\/div><div class=\"wp-block-getwid-section__content\"><div class=\"wp-block-getwid-section__inner-content\"><div class=\"mphb_sc_rooms-wrapper mphb-room-types \">    <div class=\"loop-rooms-wrapper\">\r\n\t\r\n<div class=\"mphb-room-type post-163 mphb_room_type type-mphb_room_type status-publish has-post-thumbnail mphb_room_type_category-lousa mphb_room_type_facility-acesso-wi-fi-gratuito mphb_room_type_facility-banheira mphb_room_type_facility-churrasqueira mphb_room_type_facility-cozinha mphb_room_type_facility-estacionamento-gratuito mphb_room_type_facility-maquina-lavar-roupa mphb_room_type_facility-roupa-cama mphb_room_type_facility-varanda mphb_room_type_facility-vista-montanha mphb_room_type_facility-wi-fi mphb_ra_locations-lousa mphb-room-type-adults-5 mphb-room-type-children-4 \">\r\n\r\n\t\r\n    <div class=\"loop-room-wrapper\">\r\n\t\t            <div class=\"loop-room-images-wrapper\">\r\n\t\t\t\t<div class=\"loop-room-categories\"><a href=\"https:\/\/apartments2colors.com\/index.php\/accommodation-category\/lousa\/\" rel=\"tag\">Lous\u00e3<\/a><\/div>\n\n\t<div class=\"mphb-room-type-images\">\n\t<div id='mphb-flexslider-gallery-1' class='gallery-columns-1 gallery-size-booklium-square mphb-gallery-main-slider mphb-flexslider-gallery-wrapper mphb-room-type-gallery-wrapper mphb-gallery-main-slider-69e16174944a5' data-flexslider-atts='{\"animation\":\"slide\",\"controlNav\":false,\"animationLoop\":true,\"smoothHeight\":true,\"slideshow\":false}' data-group='69e16174944a5'><ul class=\"slides\"><li class='gallery-item'><span class='gallery-icon landscape'>\n\t\t\t\t<a href=\"https:\/\/apartments2colors.com\/index.php\/accommodation\/lousa-brown-white\/\"><img fetchpriority=\"high\" decoding=\"async\" width=\"892\" height=\"768\" src=\"https:\/\/apartments2colors.com\/wp-content\/uploads\/2022\/10\/Lousa_03-892x768.jpg\" class=\"attachment-booklium-square size-booklium-square\" alt=\"\" loading=\"eager\" \/><\/a>\n\t\t\t<\/span><\/li><li class='gallery-item'><span class='gallery-icon landscape'>\n\t\t\t\t<a href=\"https:\/\/apartments2colors.com\/index.php\/accommodation\/lousa-brown-white\/\"><img decoding=\"async\" width=\"892\" height=\"768\" src=\"https:\/\/apartments2colors.com\/wp-content\/uploads\/2022\/10\/Lousa_04-892x768.jpg\" class=\"attachment-booklium-square size-booklium-square\" alt=\"\" loading=\"eager\" \/><\/a>\n\t\t\t<\/span><\/li><li class='gallery-item'><span class='gallery-icon portrait'>\n\t\t\t\t<a href=\"https:\/\/apartments2colors.com\/index.php\/accommodation\/lousa-brown-white\/\"><img decoding=\"async\" width=\"576\" height=\"768\" src=\"https:\/\/apartments2colors.com\/wp-content\/uploads\/2022\/10\/Lousa_05.jpg\" class=\"attachment-booklium-square size-booklium-square\" alt=\"\" loading=\"eager\" srcset=\"https:\/\/apartments2colors.com\/wp-content\/uploads\/2022\/10\/Lousa_05.jpg 576w, https:\/\/apartments2colors.com\/wp-content\/uploads\/2022\/10\/Lousa_05-225x300.jpg 225w\" sizes=\"(max-width: 576px) 100vw, 576px\" \/><\/a>\n\t\t\t<\/span><\/li><li class='gallery-item'><span class='gallery-icon landscape'>\n\t\t\t\t<a href=\"https:\/\/apartments2colors.com\/index.php\/accommodation\/lousa-brown-white\/\"><img decoding=\"async\" width=\"892\" height=\"768\" src=\"https:\/\/apartments2colors.com\/wp-content\/uploads\/2022\/10\/Lousa_06-892x768.jpg\" class=\"attachment-booklium-square size-booklium-square\" alt=\"\" loading=\"eager\" \/><\/a>\n\t\t\t<\/span><\/li><li class='gallery-item'><span class='gallery-icon landscape'>\n\t\t\t\t<a href=\"https:\/\/apartments2colors.com\/index.php\/accommodation\/lousa-brown-white\/\"><img decoding=\"async\" width=\"892\" height=\"768\" src=\"https:\/\/apartments2colors.com\/wp-content\/uploads\/2022\/10\/Lousa_07-892x768.jpg\" class=\"attachment-booklium-square size-booklium-square\" alt=\"\" loading=\"eager\" \/><\/a>\n\t\t\t<\/span><\/li><li class='gallery-item'><span class='gallery-icon landscape'>\n\t\t\t\t<a href=\"https:\/\/apartments2colors.com\/index.php\/accommodation\/lousa-brown-white\/\"><img decoding=\"async\" width=\"892\" height=\"768\" src=\"https:\/\/apartments2colors.com\/wp-content\/uploads\/2022\/10\/Lousa_08-892x768.jpg\" class=\"attachment-booklium-square size-booklium-square\" alt=\"\" loading=\"eager\" \/><\/a>\n\t\t\t<\/span><\/li><li class='gallery-item'><span class='gallery-icon landscape'>\n\t\t\t\t<a href=\"https:\/\/apartments2colors.com\/index.php\/accommodation\/lousa-brown-white\/\"><img decoding=\"async\" width=\"892\" height=\"768\" src=\"https:\/\/apartments2colors.com\/wp-content\/uploads\/2022\/10\/Lousa_09-892x768.jpg\" class=\"attachment-booklium-square size-booklium-square\" alt=\"\" loading=\"eager\" \/><\/a>\n\t\t\t<\/span><\/li><li class='gallery-item'><span class='gallery-icon landscape'>\n\t\t\t\t<a href=\"https:\/\/apartments2colors.com\/index.php\/accommodation\/lousa-brown-white\/\"><img decoding=\"async\" width=\"892\" height=\"768\" src=\"https:\/\/apartments2colors.com\/wp-content\/uploads\/2022\/10\/Lousa_10-892x768.jpg\" class=\"attachment-booklium-square size-booklium-square\" alt=\"\" loading=\"eager\" \/><\/a>\n\t\t\t<\/span><\/li><li class='gallery-item'><span class='gallery-icon portrait'>\n\t\t\t\t<a href=\"https:\/\/apartments2colors.com\/index.php\/accommodation\/lousa-brown-white\/\"><img decoding=\"async\" width=\"576\" height=\"768\" src=\"https:\/\/apartments2colors.com\/wp-content\/uploads\/2022\/10\/Lousa_11.jpg\" class=\"attachment-booklium-square size-booklium-square\" alt=\"\" loading=\"eager\" srcset=\"https:\/\/apartments2colors.com\/wp-content\/uploads\/2022\/10\/Lousa_11.jpg 576w, https:\/\/apartments2colors.com\/wp-content\/uploads\/2022\/10\/Lousa_11-225x300.jpg 225w\" sizes=\"(max-width: 576px) 100vw, 576px\" \/><\/a>\n\t\t\t<\/span><\/li><li class='gallery-item'><span class='gallery-icon portrait'>\n\t\t\t\t<a href=\"https:\/\/apartments2colors.com\/index.php\/accommodation\/lousa-brown-white\/\"><img decoding=\"async\" width=\"576\" height=\"768\" src=\"https:\/\/apartments2colors.com\/wp-content\/uploads\/2022\/10\/Lousa_01.jpg\" class=\"attachment-booklium-square size-booklium-square\" alt=\"\" loading=\"eager\" srcset=\"https:\/\/apartments2colors.com\/wp-content\/uploads\/2022\/10\/Lousa_01.jpg 576w, https:\/\/apartments2colors.com\/wp-content\/uploads\/2022\/10\/Lousa_01-225x300.jpg 225w\" sizes=\"(max-width: 576px) 100vw, 576px\" \/><\/a>\n\t\t\t<\/span><\/li><\/ul>\n\t\t<\/div>\n\n\t<\/div>\n            <\/div>\r\n\t\t\t            <div class=\"loop-room-info-wrapper\">\r\n\t\t\t\t\n<h2 class=\"mphb-room-type-title entry-title\">\n\n<a class=\"mphb-room-type-title\" href=\"https:\/\/apartments2colors.com\/index.php\/accommodation\/lousa-brown-white\/\">Lous\u00e3&#8217;s Brown &#038; White<\/a>\n\n<\/h2>    <ul class=\"loop-room-short-attributes\">\r\n\t\n\n\n\n\n\t<li class=\"mphb-room-type-size\"><span class=\"mphb-attribute-title mphb-size-title\">Tamanho:<\/span><span class=\"mphb-attribute-value\">\n\t68m\u00b2\n\t<\/span><\/li>\n    <\/ul>\r\n\t\n\n<p>O Lous\u00e3&#8217;s Brown &#038; White est\u00e1 situado na Lous\u00e3 e disponibiliza comodidades para churrascos. O alojamento fica a 46 km de Ferreira do Z\u00eazere.<br \/>\nO apartamento inclui 2 quartos, 1 casa de banho, roupa de cama, toalhas, uma televis\u00e3o de ecr\u00e3 plano com canais por cabo, uma cozinha totalmente equipada e uma varanda com vistas da serra.<\/p>\n\n\n<ul class=\"mphb-loop-room-type-attributes\">\n    <li class=\"mphb-room-type-total-capacity\"><span class=\"mphb-attribute-title mphb-total-capacity-title\">H\u00f3spedes:<\/span><span class=\"mphb-attribute-value\">\n    5\n    <\/span><\/li>\n\n\n\n\n\n\t<li class=\"mphb-room-type-categories\"><span class=\"mphb-attribute-title mphb-categories-title\">Categorias:<\/span><span class=\"mphb-attribute-value\"> <span class=\"category-lousa\"><a href=\"https:\/\/apartments2colors.com\/index.php\/accommodation-category\/lousa\/\">Lous\u00e3<\/a><\/span><\/span><\/li>\n\n\n\t<li class=\"mphb-room-type-facilities\"><span class=\"mphb-attribute-title mphb-facilities-title\">Comodidades:<\/span><span class=\"mphb-attribute-value\"> <span class=\"facility-acesso-wi-fi-gratuito\"><a href=\"https:\/\/apartments2colors.com\/index.php\/accommodation-facility\/acesso-wi-fi-gratuito\/\">Acesso Wi-Fi gratuito<\/a><\/span>, <span class=\"facility-banheira\"><a href=\"https:\/\/apartments2colors.com\/index.php\/accommodation-facility\/banheira\/\">Banheira<\/a><\/span>, <span class=\"facility-churrasqueira\"><a href=\"https:\/\/apartments2colors.com\/index.php\/accommodation-facility\/churrasqueira\/\">Churrasqueira<\/a><\/span>, <span class=\"facility-cozinha\"><a href=\"https:\/\/apartments2colors.com\/index.php\/accommodation-facility\/cozinha\/\">Cozinha<\/a><\/span>, <span class=\"facility-estacionamento-gratuito\"><a href=\"https:\/\/apartments2colors.com\/index.php\/accommodation-facility\/estacionamento-gratuito\/\">Estacionamento gratuito<\/a><\/span>, <span class=\"facility-maquina-lavar-roupa\"><a href=\"https:\/\/apartments2colors.com\/index.php\/accommodation-facility\/maquina-lavar-roupa\/\">M\u00e1quina Lavar Roupa<\/a><\/span>, <span class=\"facility-roupa-cama\"><a href=\"https:\/\/apartments2colors.com\/index.php\/accommodation-facility\/roupa-cama\/\">Roupa Cama<\/a><\/span>, <span class=\"facility-varanda\"><a href=\"https:\/\/apartments2colors.com\/index.php\/accommodation-facility\/varanda\/\">Varanda<\/a><\/span>, <span class=\"facility-vista-montanha\"><a href=\"https:\/\/apartments2colors.com\/index.php\/accommodation-facility\/vista-montanha\/\">Vista Montanha<\/a><\/span>, <span class=\"facility-wi-fi\"><a href=\"https:\/\/apartments2colors.com\/index.php\/accommodation-facility\/wi-fi\/\">Wi-Fi<\/a><\/span><\/span><\/li>\n<li class=\"mphb-room-type-locations mphb-room-type-custom-attribute\"><span class=\"mphb-attribute-title mphb-locations-title\">Localiza\u00e7\u00e3o:<\/span><span class=\"mphb-attribute-value\"> <span class=\"locations-lousa\"><a href=\"https:\/\/apartments2colors.com\/index.php\/locations\/lousa\/\">Lous\u00e3<\/a><\/span><\/span><\/li><li class=\"mphb-room-type-bedrooms mphb-room-type-custom-attribute\"><span class=\"mphb-attribute-title mphb-bedrooms-title\">Quartos:<\/span><span class=\"mphb-attribute-value\"> <span class=\"bedrooms-2\">2<\/span><\/span><\/li><li class=\"mphb-room-type-bathrooms mphb-room-type-custom-attribute\"><span class=\"mphb-attribute-title mphb-bathrooms-title\">Casas de Banho:<\/span><span class=\"mphb-attribute-value\"> <span class=\"bathrooms-1\">1<\/span><\/span><\/li>\n<\/ul>            <\/div>\r\n\t\t            <div class=\"loop-room-book-wrapper\">\r\n\t\t\t\t\n\n<div class=\"mphb-to-book-btn-wrapper\">\n<form action=\"https:\/\/apartments2colors.com\/index.php\/accommodation\/lousa-brown-white\/#booking-form-163\" method=\"get\" ><button type=\"submit\" class=\"button mphb-book-button\" >Reservar<\/button><\/form>\n<br\/><\/div>\n<p class=\"mphb-view-details-button-wrapper\">\n<a class=\"button mphb-view-details-button\" href=\"https:\/\/apartments2colors.com\/index.php\/accommodation\/lousa-brown-white\/\" >Ver Detalhes<\/a>\n<\/p>            <\/div>\r\n\t\t\r\n    <\/div>\r\n\t\r\n<\/div>\r\n\r\n    <\/div>\r\n\t<\/div><\/div><\/div><\/div><\/div><\/div>\n","protected":false},"excerpt":{"rendered":"","protected":false},"author":1,"featured_media":0,"parent":1359,"menu_order":0,"comment_status":"closed","ping_status":"closed","template":"template-canvas-page.php","meta":{"inline_featured_image":false,"footnotes":""},"class_list":["post-1371","page","type-page","status-publish","hentry"],"_links":{"self":[{"href":"https:\/\/apartments2colors.com\/index.php\/wp-json\/wp\/v2\/pages\/1371","targetHints":{"allow":["GET"]}}],"collection":[{"href":"https:\/\/apartments2colors.com\/index.php\/wp-json\/wp\/v2\/pages"}],"about":[{"href":"https:\/\/apartments2colors.com\/index.php\/wp-json\/wp\/v2\/types\/page"}],"author":[{"embeddable":true,"href":"https:\/\/apartments2colors.com\/index.php\/wp-json\/wp\/v2\/users\/1"}],"replies":[{"embeddable":true,"href":"https:\/\/apartments2colors.com\/index.php\/wp-json\/wp\/v2\/comments?post=1371"}],"version-history":[{"count":3,"href":"https:\/\/apartments2colors.com\/index.php\/wp-json\/wp\/v2\/pages\/1371\/revisions"}],"predecessor-version":[{"id":1424,"href":"https:\/\/apartments2colors.com\/index.php\/wp-json\/wp\/v2\/pages\/1371\/revisions\/1424"}],"up":[{"embeddable":true,"href":"https:\/\/apartments2colors.com\/index.php\/wp-json\/wp\/v2\/pages\/1359"}],"wp:attachment":[{"href":"https:\/\/apartments2colors.com\/index.php\/wp-json\/wp\/v2\/media?parent=1371"}],"curies":[{"name":"wp","href":"https:\/\/api.w.org\/{rel}","templated":true}]}}